{"id":589,"date":"2020-07-30T15:07:47","date_gmt":"2020-07-30T13:07:47","guid":{"rendered":"https:\/\/hacienda-estates.com\/?page_id=589"},"modified":"2025-01-27T14:20:25","modified_gmt":"2025-01-27T13:20:25","slug":"vender-una-propiedad","status":"publish","type":"page","link":"https:\/\/hacienda-estates.com\/es\/vender-una-propiedad\/","title":{"rendered":"Vender una propiedad"},"content":{"rendered":"<p>[et_pb_section fb_built=\u00bb1&#8243; fullwidth=\u00bbon\u00bb _builder_version=\u00bb3.19.18&#8243;][et_pb_fullwidth_image src=\u00bbhttps:\/\/hacienda-estates.com\/wp-content\/uploads\/2020\/07\/sell-es.jpg\u00bb _builder_version=\u00bb3.19.18&#8243;][\/et_pb_fullwidth_image][\/et_pb_section][et_pb_section fb_built=\u00bb1&#8243; admin_label=\u00bbsection\u00bb _builder_version=\u00bb3.0.47&#8243;][et_pb_row admin_label=\u00bbrow\u00bb _builder_version=\u00bb3.0.48&#8243; background_size=\u00bbinitial\u00bb background_position=\u00bbtop_left\u00bb background_repeat=\u00bbrepeat\u00bb][et_pb_column type=\u00bb4_4&#8243; _builder_version=\u00bb3.0.47&#8243;][et_pb_text _builder_version=\u00bb3.19.18&#8243;]<\/p>\n<h1>Vender<\/h1>\n<p><strong>VENDER UNA PROPIEDAD EN ESPA\u00d1A<\/strong> \u2013 Lo primero es contratar a un abogado para proteger sus intereses y garantizar una transacci\u00f3n sin problemas.<\/p>\n<p><strong>RESPONSABILIDAD FISCAL PARA EL VENDEDOR<\/strong><\/p>\n<p><strong>Impuesto de Plusval\u00eda:<\/strong><\/p>\n<p>Como es normal, el beneficio entre la fecha de compra y la fecha de venta est\u00e1 gravado al 21%.<\/p>\n<p>NOTA: Puede deducir lo siguiente del impuesto de Plusval\u00eda:<br \/>Gastos de transmisi\u00f3n (con recibos)<br \/>Impuesto de compra<br \/>Tarifas de notario<br \/>Honorarios legales<\/p>\n<p><strong>IMPUESTO DE PLUSVAL\u00cdA<\/strong><\/p>\n<p>Este impuesto depende del tiempo que tenga la propiedad y del tama\u00f1o de la misma. Si la cantidad del impuesto es menor que el dep\u00f3sito, el vendedor puede luego reclamar la diferencia de Hacienda.<\/p>\n<p><strong>DEUDAS DEL VENDEDOR Y CARGAS DE LA PROPIEDAD<\/strong><\/p>\n<p>El vendedor debe liquidar las deudas de la propiedad, incluida la hipoteca, antes de completar la venta.<\/p>\n<p>Si el vendedor\/comprador negocia para hacerse cargo de la hipoteca ser\u00e1 m\u00e1s econ\u00f3mico que establecer una nueva hipoteca sobre la propiedad.<\/p>\n<p><strong>RETENCI\u00d3N<\/strong><\/p>\n<p>Si el vendedor no es residente, se mantiene el 3% de retenci\u00f3n del precio de compra para pagar a las autoridades fiscales espa\u00f1olas. Esto asegura que el vendedor paga la plusval\u00eda. Despu\u00e9s de calcular la plusval\u00eda, el vendedor recibir\u00e1 un reembolso o se le facturar\u00e1 la diferencia seg\u00fan el impuesto adeudado.<\/p>\n<p>[\/et_pb_text][\/et_pb_column][\/et_pb_row][\/et_pb_section]<\/p>\n","protected":false},"excerpt":{"rendered":"<p>[et_pb_section fb_built=\u00bb1&#8243; fullwidth=\u00bbon\u00bb _builder_version=\u00bb3.19.18&#8243;][et_pb_fullwidth_image src=\u00bbhttps:\/\/hacienda-estates.com\/wp-content\/uploads\/2020\/07\/sell-es.jpg\u00bb _builder_version=\u00bb3.19.18&#8243;][\/et_pb_fullwidth_image][\/et_pb_section][et_pb_section fb_built=\u00bb1&#8243; admin_label=\u00bbsection\u00bb _builder_version=\u00bb3.0.47&#8243;][et_pb_row admin_label=\u00bbrow\u00bb _builder_version=\u00bb3.0.48&#8243; background_size=\u00bbinitial\u00bb background_position=\u00bbtop_left\u00bb background_repeat=\u00bbrepeat\u00bb][et_pb_column type=\u00bb4_4&#8243; _builder_version=\u00bb3.0.47&#8243;][et_pb_text _builder_version=\u00bb3.19.18&#8243;] Vender VENDER UNA PROPIEDAD EN ESPA\u00d1A \u2013 Lo primero es contratar a un abogado para proteger sus intereses y garantizar una transacci\u00f3n sin problemas. RESPONSABILIDAD FISCAL PARA EL VENDEDOR Impuesto de Plusval\u00eda: Como es normal, el beneficio entre [&hellip;]<\/p>\n","protected":false},"author":2,"featured_media":0,"parent":0,"menu_order":0,"comment_status":"closed","ping_status":"closed","template":"","meta":{"_et_pb_use_builder":"on","_et_pb_old_content":"","footnotes":""},"class_list":["post-589","page","type-page","status-publish","hentry"],"yoast_head":"<!-- This site is optimized with the Yoast SEO plugin v27.4 - https:\/\/yoast.com\/product\/yoast-seo-wordpress\/ -->\n<title>Hacienda Estates: Asesoramiento para vender casa en Marbella.<\/title>\n<meta name=\"description\" content=\"Le asesoramos para vender casa en Marbella, Elviria y la Costadel Sol. Preguntas frecuentes e informaci\u00f3n detallada sobre el proceso de venta enEspa\u00f1a.\" \/>\n<meta name=\"robots\" content=\"index, follow, max-snippet:-1, max-image-preview:large, max-video-preview:-1\" \/>\n<link rel=\"canonical\" href=\"https:\/\/hacienda-estates.com\/es\/vender-una-propiedad\/\" \/>\n<meta property=\"og:locale\" content=\"es_ES\" \/>\n<meta property=\"og:type\" content=\"article\" \/>\n<meta property=\"og:title\" content=\"Hacienda Estates: Asesoramiento para vender casa en Marbella.\" \/>\n<meta property=\"og:description\" content=\"Le asesoramos para vender casa en Marbella, Elviria y la Costadel Sol. Preguntas frecuentes e informaci\u00f3n detallada sobre el proceso de venta enEspa\u00f1a.\" \/>\n<meta property=\"og:url\" content=\"https:\/\/hacienda-estates.com\/es\/vender-una-propiedad\/\" \/>\n<meta property=\"og:site_name\" content=\"Hacienda Estates\" \/>\n<meta property=\"article:modified_time\" content=\"2025-01-27T13:20:25+00:00\" \/>\n<meta name=\"twitter:card\" content=\"summary_large_image\" \/>\n<meta name=\"twitter:label1\" content=\"Tiempo de lectura\" \/>\n\t<meta name=\"twitter:data1\" content=\"1 minuto\" \/>\n<script type=\"application\/ld+json\" class=\"yoast-schema-graph\">{\"@context\":\"https:\\\/\\\/schema.org\",\"@graph\":[{\"@type\":\"WebPage\",\"@id\":\"https:\\\/\\\/hacienda-estates.com\\\/es\\\/vender-una-propiedad\\\/\",\"url\":\"https:\\\/\\\/hacienda-estates.com\\\/es\\\/vender-una-propiedad\\\/\",\"name\":\"Hacienda Estates: Asesoramiento para vender casa en Marbella.\",\"isPartOf\":{\"@id\":\"https:\\\/\\\/hacienda-estates.com\\\/#website\"},\"datePublished\":\"2020-07-30T13:07:47+00:00\",\"dateModified\":\"2025-01-27T13:20:25+00:00\",\"description\":\"Le asesoramos para vender casa en Marbella, Elviria y la Costadel Sol. Preguntas frecuentes e informaci\u00f3n detallada sobre el proceso de venta enEspa\u00f1a.\",\"breadcrumb\":{\"@id\":\"https:\\\/\\\/hacienda-estates.com\\\/es\\\/vender-una-propiedad\\\/#breadcrumb\"},\"inLanguage\":\"es\",\"potentialAction\":[{\"@type\":\"ReadAction\",\"target\":[\"https:\\\/\\\/hacienda-estates.com\\\/es\\\/vender-una-propiedad\\\/\"]}]},{\"@type\":\"BreadcrumbList\",\"@id\":\"https:\\\/\\\/hacienda-estates.com\\\/es\\\/vender-una-propiedad\\\/#breadcrumb\",\"itemListElement\":[{\"@type\":\"ListItem\",\"position\":1,\"name\":\"Home\",\"item\":\"https:\\\/\\\/hacienda-estates.com\\\/es\\\/\"},{\"@type\":\"ListItem\",\"position\":2,\"name\":\"Vender una propiedad\"}]},{\"@type\":\"WebSite\",\"@id\":\"https:\\\/\\\/hacienda-estates.com\\\/#website\",\"url\":\"https:\\\/\\\/hacienda-estates.com\\\/\",\"name\":\"Hacienda Estates\",\"description\":\"Real Estate for Marbella and the Costa del Sol\",\"potentialAction\":[{\"@type\":\"SearchAction\",\"target\":{\"@type\":\"EntryPoint\",\"urlTemplate\":\"https:\\\/\\\/hacienda-estates.com\\\/?s={search_term_string}\"},\"query-input\":{\"@type\":\"PropertyValueSpecification\",\"valueRequired\":true,\"valueName\":\"search_term_string\"}}],\"inLanguage\":\"es\"}]}<\/script>\n<!-- \/ Yoast SEO plugin. -->","yoast_head_json":{"title":"Hacienda Estates: Asesoramiento para vender casa en Marbella.","description":"Le asesoramos para vender casa en Marbella, Elviria y la Costadel Sol. Preguntas frecuentes e informaci\u00f3n detallada sobre el proceso de venta enEspa\u00f1a.","robots":{"index":"index","follow":"follow","max-snippet":"max-snippet:-1","max-image-preview":"max-image-preview:large","max-video-preview":"max-video-preview:-1"},"canonical":"https:\/\/hacienda-estates.com\/es\/vender-una-propiedad\/","og_locale":"es_ES","og_type":"article","og_title":"Hacienda Estates: Asesoramiento para vender casa en Marbella.","og_description":"Le asesoramos para vender casa en Marbella, Elviria y la Costadel Sol. Preguntas frecuentes e informaci\u00f3n detallada sobre el proceso de venta enEspa\u00f1a.","og_url":"https:\/\/hacienda-estates.com\/es\/vender-una-propiedad\/","og_site_name":"Hacienda Estates","article_modified_time":"2025-01-27T13:20:25+00:00","twitter_card":"summary_large_image","twitter_misc":{"Tiempo de lectura":"1 minuto"},"schema":{"@context":"https:\/\/schema.org","@graph":[{"@type":"WebPage","@id":"https:\/\/hacienda-estates.com\/es\/vender-una-propiedad\/","url":"https:\/\/hacienda-estates.com\/es\/vender-una-propiedad\/","name":"Hacienda Estates: Asesoramiento para vender casa en Marbella.","isPartOf":{"@id":"https:\/\/hacienda-estates.com\/#website"},"datePublished":"2020-07-30T13:07:47+00:00","dateModified":"2025-01-27T13:20:25+00:00","description":"Le asesoramos para vender casa en Marbella, Elviria y la Costadel Sol. Preguntas frecuentes e informaci\u00f3n detallada sobre el proceso de venta enEspa\u00f1a.","breadcrumb":{"@id":"https:\/\/hacienda-estates.com\/es\/vender-una-propiedad\/#breadcrumb"},"inLanguage":"es","potentialAction":[{"@type":"ReadAction","target":["https:\/\/hacienda-estates.com\/es\/vender-una-propiedad\/"]}]},{"@type":"BreadcrumbList","@id":"https:\/\/hacienda-estates.com\/es\/vender-una-propiedad\/#breadcrumb","itemListElement":[{"@type":"ListItem","position":1,"name":"Home","item":"https:\/\/hacienda-estates.com\/es\/"},{"@type":"ListItem","position":2,"name":"Vender una propiedad"}]},{"@type":"WebSite","@id":"https:\/\/hacienda-estates.com\/#website","url":"https:\/\/hacienda-estates.com\/","name":"Hacienda Estates","description":"Real Estate for Marbella and the Costa del Sol","potentialAction":[{"@type":"SearchAction","target":{"@type":"EntryPoint","urlTemplate":"https:\/\/hacienda-estates.com\/?s={search_term_string}"},"query-input":{"@type":"PropertyValueSpecification","valueRequired":true,"valueName":"search_term_string"}}],"inLanguage":"es"}]}},"_links":{"self":[{"href":"https:\/\/hacienda-estates.com\/es\/wp-json\/wp\/v2\/pages\/589","targetHints":{"allow":["GET"]}}],"collection":[{"href":"https:\/\/hacienda-estates.com\/es\/wp-json\/wp\/v2\/pages"}],"about":[{"href":"https:\/\/hacienda-estates.com\/es\/wp-json\/wp\/v2\/types\/page"}],"author":[{"embeddable":true,"href":"https:\/\/hacienda-estates.com\/es\/wp-json\/wp\/v2\/users\/2"}],"replies":[{"embeddable":true,"href":"https:\/\/hacienda-estates.com\/es\/wp-json\/wp\/v2\/comments?post=589"}],"version-history":[{"count":4,"href":"https:\/\/hacienda-estates.com\/es\/wp-json\/wp\/v2\/pages\/589\/revisions"}],"predecessor-version":[{"id":660,"href":"https:\/\/hacienda-estates.com\/es\/wp-json\/wp\/v2\/pages\/589\/revisions\/660"}],"wp:attachment":[{"href":"https:\/\/hacienda-estates.com\/es\/wp-json\/wp\/v2\/media?parent=589"}],"curies":[{"name":"wp","href":"https:\/\/api.w.org\/{rel}","templated":true}]}}